{"id":24,"date":"2016-08-02T16:16:00","date_gmt":"2016-08-02T14:16:00","guid":{"rendered":"http:\/\/www.poidlbauer.at\/?page_id=24"},"modified":"2025-10-28T10:58:55","modified_gmt":"2025-10-28T09:58:55","slug":"auf-dem-hof","status":"publish","type":"page","link":"https:\/\/www.poidlbauer.at\/?page_id=24","title":{"rendered":"Auf dem Hof"},"content":{"rendered":"<p>Gerne k\u00f6nnen Sie unseren Br\u00f6tchenservice nutzen und frische Milch und selbstgemachte Marmelade bei uns kaufen.<\/p>\n<p>Wir sind mit Spielsachen f\u00fcr jedes Alter recht gut ausgestattet. Die Gokarts, Schneeschaufeln und der Tischtennistisch laden auch bei kaltem Wetter zu <span style=\"color: #3366ff;\">&#8222;<strong>sportlicher Bet\u00e4tigung&#8220;<\/strong>&nbsp;<\/span>ein. Bei passender Schneelage spuren wir die Forststrasse im Wald, damit sie zu einer tollen&nbsp;<span style=\"color: #3366ff;\"><strong>Bob- und Rodelbahn<\/strong><\/span>&nbsp;wird. Zahlreiche B\u00fccher und Spiele, die Holzeisenbahn, das Duplo und die Bruder-Fahrzeuge lassen die Zeit im Haus nicht zu lang werden, wenn der Wettergott mal nicht mitspielt<\/p>\n<p><span style=\"color: #3366ff;\"><strong>7 Islandpferde und 1 Shettlandpony<\/strong><strong>&nbsp;<\/strong><\/span>leben auf unserem Nachbarhof. Sie sind sehr kinderfreundlich und freuen sich ganz besonders, wenn sie von den G\u00e4sten besucht werden und auf ihnen&nbsp;geritten&nbsp;wird! Hr. Karl Hauss ist unter der Telefonnummer 0664\/54 87 550 f\u00fcr Terminvereinbarungen zu erreichen.<\/p>\n<p>W\u00e4hrend des Sommers 2012 haben wir einen neuen&nbsp;<span style=\"color: #008000;\"><span style=\"color: #3366ff;\"><strong>Milchviehlaufstall mit einem Melkstand<\/strong><\/span>&nbsp;<\/span>gebaut. Dort k\u00f6nnen die 12 Milchk\u00fche den ganzen Tag herumlaufen, sich auf ihre weich gepolsterten Kuhmatratzen legen oder fressen &#8211; wie sie gerade m\u00f6chten. Au\u00dferdem leben im Stall noch die K\u00e4lber und die Katzen.<\/p>\n<p>Wir laden Sie und vor allem die Kinder ein, w\u00e4hrend der Stallzeit zu den K\u00fchen zu kommen und live zu erleben wo die&nbsp;Milch am Fr\u00fchst\u00fcckstisch&nbsp;wirklich herkommt.<\/p>\n<p><!-- index.php -->\n<div\n\tclass=\"ngg-galleryoverview\n\t\t\"\n\tid=\"ngg-gallery-e87e9bb0458ee982c153052a7f981499-1\">\n\n\t\t\t<!-- Thumbnails -->\n\t\t\t\t<div id=\"ngg-image-0\" class=\"ngg-gallery-thumbnail-box\"\n\t\t\t\t\t\t\t\t\t\t\t>\n\t\t\t\t\t\t<div class=\"ngg-gallery-thumbnail\">\n\t\t\t<a href=\"https:\/\/www.poidlbauer.at\/wp-content\/gallery\/auf-dem-hof\/K1024_DSCN1891.JPG\"\n\t\t\t\ttitle=\"\"\n\t\t\t\tdata-src=\"https:\/\/www.poidlbauer.at\/wp-content\/gallery\/auf-dem-hof\/K1024_DSCN1891.JPG\"\n\t\t\t\tdata-thumbnail=\"https:\/\/www.poidlbauer.at\/wp-content\/gallery\/auf-dem-hof\/thumbs\/thumbs_K1024_DSCN1891.JPG\"\n\t\t\t\tdata-image-id=\"99\"\n\t\t\t\tdata-title=\"K1024_DSCN1891\"\n\t\t\t\tdata-description=\"\"\n\t\t\t\tdata-image-slug=\"k1024_dscn1891\"\n\t\t\t\tclass=\"ngg-fancybox\" rel=\"e87e9bb0458ee982c153052a7f981499\">\n\t\t\t\t<img\n\t\t\t\t\ttitle=\"K1024_DSCN1891\"\n\t\t\t\t\talt=\"K1024_DSCN1891\"\n\t\t\t\t\tsrc=\"https:\/\/www.poidlbauer.at\/wp-content\/gallery\/auf-dem-hof\/thumbs\/thumbs_K1024_DSCN1891.JPG\"\n\t\t\t\t\twidth=\"240\"\n\t\t\t\t\theight=\"160\"\n\t\t\t\t\tstyle=\"max-width:100%;\"\n\t\t\t\t\/>\n\t\t\t<\/a>\n\t\t<\/div>\n\t\t\t\t\t\t\t<\/div>\n\t\t\t\n\t\t\t\t\t\t\t\n\t\t\t\t<div id=\"ngg-image-1\" class=\"ngg-gallery-thumbnail-box\"\n\t\t\t\t\t\t\t\t\t\t\t>\n\t\t\t\t\t\t<div class=\"ngg-gallery-thumbnail\">\n\t\t\t<a href=\"https:\/\/www.poidlbauer.at\/wp-content\/gallery\/auf-dem-hof\/K1024_DSCN1943.JPG\"\n\t\t\t\ttitle=\"\"\n\t\t\t\tdata-src=\"https:\/\/www.poidlbauer.at\/wp-content\/gallery\/auf-dem-hof\/K1024_DSCN1943.JPG\"\n\t\t\t\tdata-thumbnail=\"https:\/\/www.poidlbauer.at\/wp-content\/gallery\/auf-dem-hof\/thumbs\/thumbs_K1024_DSCN1943.JPG\"\n\t\t\t\tdata-image-id=\"100\"\n\t\t\t\tdata-title=\"K1024_DSCN1943\"\n\t\t\t\tdata-description=\"\"\n\t\t\t\tdata-image-slug=\"k1024_dscn1943\"\n\t\t\t\tclass=\"ngg-fancybox\" rel=\"e87e9bb0458ee982c153052a7f981499\">\n\t\t\t\t<img\n\t\t\t\t\ttitle=\"K1024_DSCN1943\"\n\t\t\t\t\talt=\"K1024_DSCN1943\"\n\t\t\t\t\tsrc=\"https:\/\/www.poidlbauer.at\/wp-content\/gallery\/auf-dem-hof\/thumbs\/thumbs_K1024_DSCN1943.JPG\"\n\t\t\t\t\twidth=\"240\"\n\t\t\t\t\theight=\"160\"\n\t\t\t\t\tstyle=\"max-width:100%;\"\n\t\t\t\t\/>\n\t\t\t<\/a>\n\t\t<\/div>\n\t\t\t\t\t\t\t<\/div>\n\t\t\t\n\t\t\t\t\t\t\t\n\t\t\t\t<div id=\"ngg-image-2\" class=\"ngg-gallery-thumbnail-box\"\n\t\t\t\t\t\t\t\t\t\t\t>\n\t\t\t\t\t\t<div class=\"ngg-gallery-thumbnail\">\n\t\t\t<a href=\"https:\/\/www.poidlbauer.at\/wp-content\/gallery\/auf-dem-hof\/K1024_DSCN0286.JPG\"\n\t\t\t\ttitle=\"\"\n\t\t\t\tdata-src=\"https:\/\/www.poidlbauer.at\/wp-content\/gallery\/auf-dem-hof\/K1024_DSCN0286.JPG\"\n\t\t\t\tdata-thumbnail=\"https:\/\/www.poidlbauer.at\/wp-content\/gallery\/auf-dem-hof\/thumbs\/thumbs_K1024_DSCN0286.JPG\"\n\t\t\t\tdata-image-id=\"101\"\n\t\t\t\tdata-title=\"K1024_DSCN0286\"\n\t\t\t\tdata-description=\"\"\n\t\t\t\tdata-image-slug=\"k1024_dscn0286\"\n\t\t\t\tclass=\"ngg-fancybox\" rel=\"e87e9bb0458ee982c153052a7f981499\">\n\t\t\t\t<img\n\t\t\t\t\ttitle=\"K1024_DSCN0286\"\n\t\t\t\t\talt=\"K1024_DSCN0286\"\n\t\t\t\t\tsrc=\"https:\/\/www.poidlbauer.at\/wp-content\/gallery\/auf-dem-hof\/thumbs\/thumbs_K1024_DSCN0286.JPG\"\n\t\t\t\t\twidth=\"240\"\n\t\t\t\t\theight=\"160\"\n\t\t\t\t\tstyle=\"max-width:100%;\"\n\t\t\t\t\/>\n\t\t\t<\/a>\n\t\t<\/div>\n\t\t\t\t\t\t\t<\/div>\n\t\t\t\n\t\t\t\t\t\t\t\n\t\t\t\t<div id=\"ngg-image-3\" class=\"ngg-gallery-thumbnail-box\"\n\t\t\t\t\t\t\t\t\t\t\t>\n\t\t\t\t\t\t<div class=\"ngg-gallery-thumbnail\">\n\t\t\t<a href=\"https:\/\/www.poidlbauer.at\/wp-content\/gallery\/auf-dem-hof\/K1600_K1024_Schikurs-2.JPG\"\n\t\t\t\ttitle=\"\"\n\t\t\t\tdata-src=\"https:\/\/www.poidlbauer.at\/wp-content\/gallery\/auf-dem-hof\/K1600_K1024_Schikurs-2.JPG\"\n\t\t\t\tdata-thumbnail=\"https:\/\/www.poidlbauer.at\/wp-content\/gallery\/auf-dem-hof\/thumbs\/thumbs_K1600_K1024_Schikurs-2.JPG\"\n\t\t\t\tdata-image-id=\"165\"\n\t\t\t\tdata-title=\"KONICA MINOLTA DIGITAL CAMERA\"\n\t\t\t\tdata-description=\"\"\n\t\t\t\tdata-image-slug=\"k1600_k1024_schikurs-2\"\n\t\t\t\tclass=\"ngg-fancybox\" rel=\"e87e9bb0458ee982c153052a7f981499\">\n\t\t\t\t<img\n\t\t\t\t\ttitle=\"KONICA MINOLTA DIGITAL CAMERA\"\n\t\t\t\t\talt=\"KONICA MINOLTA DIGITAL CAMERA\"\n\t\t\t\t\tsrc=\"https:\/\/www.poidlbauer.at\/wp-content\/gallery\/auf-dem-hof\/thumbs\/thumbs_K1600_K1024_Schikurs-2.JPG\"\n\t\t\t\t\twidth=\"240\"\n\t\t\t\t\theight=\"160\"\n\t\t\t\t\tstyle=\"max-width:100%;\"\n\t\t\t\t\/>\n\t\t\t<\/a>\n\t\t<\/div>\n\t\t\t\t\t\t\t<\/div>\n\t\t\t\n\t\t\t\t\t\t\t\t\t<br style=\"clear: both\" \/>\n\t\t\t\t\t\n\t\t\t\t<div id=\"ngg-image-4\" class=\"ngg-gallery-thumbnail-box\"\n\t\t\t\t\t\t\t\t\t\t\t>\n\t\t\t\t\t\t<div class=\"ngg-gallery-thumbnail\">\n\t\t\t<a href=\"https:\/\/www.poidlbauer.at\/wp-content\/gallery\/auf-dem-hof\/K1600_K1024_PICT4826-2.JPG\"\n\t\t\t\ttitle=\"\"\n\t\t\t\tdata-src=\"https:\/\/www.poidlbauer.at\/wp-content\/gallery\/auf-dem-hof\/K1600_K1024_PICT4826-2.JPG\"\n\t\t\t\tdata-thumbnail=\"https:\/\/www.poidlbauer.at\/wp-content\/gallery\/auf-dem-hof\/thumbs\/thumbs_K1600_K1024_PICT4826-2.JPG\"\n\t\t\t\tdata-image-id=\"166\"\n\t\t\t\tdata-title=\"KONICA MINOLTA DIGITAL CAMERA\"\n\t\t\t\tdata-description=\"\"\n\t\t\t\tdata-image-slug=\"k1600_k1024_pict4826-2\"\n\t\t\t\tclass=\"ngg-fancybox\" rel=\"e87e9bb0458ee982c153052a7f981499\">\n\t\t\t\t<img\n\t\t\t\t\ttitle=\"KONICA MINOLTA DIGITAL CAMERA\"\n\t\t\t\t\talt=\"KONICA MINOLTA DIGITAL CAMERA\"\n\t\t\t\t\tsrc=\"https:\/\/www.poidlbauer.at\/wp-content\/gallery\/auf-dem-hof\/thumbs\/thumbs_K1600_K1024_PICT4826-2.JPG\"\n\t\t\t\t\twidth=\"240\"\n\t\t\t\t\theight=\"160\"\n\t\t\t\t\tstyle=\"max-width:100%;\"\n\t\t\t\t\/>\n\t\t\t<\/a>\n\t\t<\/div>\n\t\t\t\t\t\t\t<\/div>\n\t\t\t\n\t\t\t\t\t\t\t\n\t\t\t\t<div id=\"ngg-image-5\" class=\"ngg-gallery-thumbnail-box\"\n\t\t\t\t\t\t\t\t\t\t\t>\n\t\t\t\t\t\t<div class=\"ngg-gallery-thumbnail\">\n\t\t\t<a href=\"https:\/\/www.poidlbauer.at\/wp-content\/gallery\/auf-dem-hof\/K1600_K1024_DSCN1945-2.JPG\"\n\t\t\t\ttitle=\"\"\n\t\t\t\tdata-src=\"https:\/\/www.poidlbauer.at\/wp-content\/gallery\/auf-dem-hof\/K1600_K1024_DSCN1945-2.JPG\"\n\t\t\t\tdata-thumbnail=\"https:\/\/www.poidlbauer.at\/wp-content\/gallery\/auf-dem-hof\/thumbs\/thumbs_K1600_K1024_DSCN1945-2.JPG\"\n\t\t\t\tdata-image-id=\"167\"\n\t\t\t\tdata-title=\"K1600_K1024_DSCN1945 (2)\"\n\t\t\t\tdata-description=\"\"\n\t\t\t\tdata-image-slug=\"k1600_k1024_dscn1945-2\"\n\t\t\t\tclass=\"ngg-fancybox\" rel=\"e87e9bb0458ee982c153052a7f981499\">\n\t\t\t\t<img\n\t\t\t\t\ttitle=\"K1600_K1024_DSCN1945 (2)\"\n\t\t\t\t\talt=\"K1600_K1024_DSCN1945 (2)\"\n\t\t\t\t\tsrc=\"https:\/\/www.poidlbauer.at\/wp-content\/gallery\/auf-dem-hof\/thumbs\/thumbs_K1600_K1024_DSCN1945-2.JPG\"\n\t\t\t\t\twidth=\"240\"\n\t\t\t\t\theight=\"160\"\n\t\t\t\t\tstyle=\"max-width:100%;\"\n\t\t\t\t\/>\n\t\t\t<\/a>\n\t\t<\/div>\n\t\t\t\t\t\t\t<\/div>\n\t\t\t\n\t\t\t\t\t\t\t\n\t\t\t\t<div id=\"ngg-image-6\" class=\"ngg-gallery-thumbnail-box\"\n\t\t\t\t\t\t\t\t\t\t\t>\n\t\t\t\t\t\t<div class=\"ngg-gallery-thumbnail\">\n\t\t\t<a href=\"https:\/\/www.poidlbauer.at\/wp-content\/gallery\/auf-dem-hof\/K1600_PICT4851.JPG\"\n\t\t\t\ttitle=\"\"\n\t\t\t\tdata-src=\"https:\/\/www.poidlbauer.at\/wp-content\/gallery\/auf-dem-hof\/K1600_PICT4851.JPG\"\n\t\t\t\tdata-thumbnail=\"https:\/\/www.poidlbauer.at\/wp-content\/gallery\/auf-dem-hof\/thumbs\/thumbs_K1600_PICT4851.JPG\"\n\t\t\t\tdata-image-id=\"168\"\n\t\t\t\tdata-title=\"KONICA MINOLTA DIGITAL CAMERA\"\n\t\t\t\tdata-description=\"\"\n\t\t\t\tdata-image-slug=\"k1600_pict4851-1\"\n\t\t\t\tclass=\"ngg-fancybox\" rel=\"e87e9bb0458ee982c153052a7f981499\">\n\t\t\t\t<img\n\t\t\t\t\ttitle=\"KONICA MINOLTA DIGITAL CAMERA\"\n\t\t\t\t\talt=\"KONICA MINOLTA DIGITAL CAMERA\"\n\t\t\t\t\tsrc=\"https:\/\/www.poidlbauer.at\/wp-content\/gallery\/auf-dem-hof\/thumbs\/thumbs_K1600_PICT4851.JPG\"\n\t\t\t\t\twidth=\"240\"\n\t\t\t\t\theight=\"160\"\n\t\t\t\t\tstyle=\"max-width:100%;\"\n\t\t\t\t\/>\n\t\t\t<\/a>\n\t\t<\/div>\n\t\t\t\t\t\t\t<\/div>\n\t\t\t\n\t\t\t\t\t\t\t\n\t\t\n\t\t<!-- Pagination -->\n\t\t<div class='ngg-clear'><\/div>\t<\/div>\n<\/p>\n","protected":false},"excerpt":{"rendered":"<p>Gerne k\u00f6nnen Sie unseren Br\u00f6tchenservice nutzen und frische Milch und selbstgemachte Marmelade bei uns kaufen. Wir sind mit Spielsachen f\u00fcr jedes Alter recht gut ausgestattet. Die Gokarts, Schneeschaufeln und der Tischtennistisch laden auch bei kaltem Wetter zu &#8222;sportlicher Bet\u00e4tigung&#8220;&nbsp;ein. Bei&#8230; <\/p>\n","protected":false},"author":1,"featured_media":0,"parent":0,"menu_order":0,"comment_status":"closed","ping_status":"closed","template":"","meta":{"ngg_post_thumbnail":0,"footnotes":""},"class_list":["post-24","page","type-page","status-publish","hentry"],"amp_enabled":true,"_links":{"self":[{"href":"https:\/\/www.poidlbauer.at\/index.php?rest_route=\/wp\/v2\/pages\/24","targetHints":{"allow":["GET"]}}],"collection":[{"href":"https:\/\/www.poidlbauer.at\/index.php?rest_route=\/wp\/v2\/pages"}],"about":[{"href":"https:\/\/www.poidlbauer.at\/index.php?rest_route=\/wp\/v2\/types\/page"}],"author":[{"embeddable":true,"href":"https:\/\/www.poidlbauer.at\/index.php?rest_route=\/wp\/v2\/users\/1"}],"replies":[{"embeddable":true,"href":"https:\/\/www.poidlbauer.at\/index.php?rest_route=%2Fwp%2Fv2%2Fcomments&post=24"}],"version-history":[{"count":49,"href":"https:\/\/www.poidlbauer.at\/index.php?rest_route=\/wp\/v2\/pages\/24\/revisions"}],"predecessor-version":[{"id":1692,"href":"https:\/\/www.poidlbauer.at\/index.php?rest_route=\/wp\/v2\/pages\/24\/revisions\/1692"}],"wp:attachment":[{"href":"https:\/\/www.poidlbauer.at\/index.php?rest_route=%2Fwp%2Fv2%2Fmedia&parent=24"}],"curies":[{"name":"wp","href":"https:\/\/api.w.org\/{rel}","templated":true}]}}