{"id":22,"date":"2016-08-02T16:15:44","date_gmt":"2016-08-02T14:15:44","guid":{"rendered":"http:\/\/www.poidlbauer.at\/?page_id=22"},"modified":"2026-04-21T11:49:49","modified_gmt":"2026-04-21T09:49:49","slug":"ueber-uns","status":"publish","type":"page","link":"https:\/\/www.poidlbauer.at\/?page_id=22","title":{"rendered":"\u00dcber uns"},"content":{"rendered":"<p><span style=\"font-size: 12pt;\">Unser idyllisch gelegener Bergbauernhof ist mit dem <span style=\"background-color: #ffffff;\"><span style=\"color: #008000;\">\u201eAMA Bio G\u00fctesiegel\u201c <\/span>ausgezeichnet. Er bietet den G\u00e4sten Ruhe und Erholung pur in den<\/span> G\u00f6stlinger Bergen.<\/span><\/p>\n<p><span style=\"font-size: 12pt;\">Der Hof wird seit 01.Oktober 2009 von<span style=\"color: #008000; background-color: #ffffff;\"> Andrea und Hubert Teufel <\/span>als Familienbetrieb gef\u00fchrt. Wir haben ihn von den Eltern,<span style=\"color: #3366ff; background-color: #ffffff;\"><span style=\"color: #008000;\"> Augustine und Hubert sen.,<\/span> <\/span>\u00fcbernommen. Unsere Kinder<span style=\"color: #3366ff;\"><span style=\"background-color: #ffffff;\"><span style=\"color: #008000;\"> Benedikt, Johanna und Roman&nbsp;<\/span><span style=\"color: #000000;\">leben auf dem Hof und<\/span><\/span> <\/span>helfen bei der Arbeit und bei den G\u00e4sten mit.<\/span><\/p>\n<p><!-- index.php -->\n<div\n\tclass=\"ngg-galleryoverview\n\t\t\"\n\tid=\"ngg-gallery-432c354a6af32bbfea3b8ae37484c70a-1\">\n\n\t\t\t<!-- Thumbnails -->\n\t\t\t\t<div id=\"ngg-image-0\" class=\"ngg-gallery-thumbnail-box\"\n\t\t\t\t\t\t\t\t\t\t\t>\n\t\t\t\t\t\t<div class=\"ngg-gallery-thumbnail\">\n\t\t\t<a href=\"https:\/\/www.poidlbauer.at\/wp-content\/gallery\/ueber-uns\/20240412_145438.jpg\"\n\t\t\t\ttitle=\"\"\n\t\t\t\tdata-src=\"https:\/\/www.poidlbauer.at\/wp-content\/gallery\/ueber-uns\/20240412_145438.jpg\"\n\t\t\t\tdata-thumbnail=\"https:\/\/www.poidlbauer.at\/wp-content\/gallery\/ueber-uns\/thumbs\/thumbs_20240412_145438.jpg\"\n\t\t\t\tdata-image-id=\"312\"\n\t\t\t\tdata-title=\"20240412_145438\"\n\t\t\t\tdata-description=\"\"\n\t\t\t\tdata-image-slug=\"20240412_145438\"\n\t\t\t\tclass=\"ngg-fancybox\" rel=\"432c354a6af32bbfea3b8ae37484c70a\">\n\t\t\t\t<img\n\t\t\t\t\ttitle=\"20240412_145438\"\n\t\t\t\t\talt=\"20240412_145438\"\n\t\t\t\t\tsrc=\"https:\/\/www.poidlbauer.at\/wp-content\/gallery\/ueber-uns\/thumbs\/thumbs_20240412_145438.jpg\"\n\t\t\t\t\twidth=\"240\"\n\t\t\t\t\theight=\"160\"\n\t\t\t\t\tstyle=\"max-width:100%;\"\n\t\t\t\t\/>\n\t\t\t<\/a>\n\t\t<\/div>\n\t\t\t\t\t\t\t<\/div>\n\t\t\t\n\t\t\t\t\t\t\t\n\t\t\t\t<div id=\"ngg-image-1\" class=\"ngg-gallery-thumbnail-box\"\n\t\t\t\t\t\t\t\t\t\t\t>\n\t\t\t\t\t\t<div class=\"ngg-gallery-thumbnail\">\n\t\t\t<a href=\"https:\/\/www.poidlbauer.at\/wp-content\/gallery\/ueber-uns\/Christa_0230.jpg\"\n\t\t\t\ttitle=\"\"\n\t\t\t\tdata-src=\"https:\/\/www.poidlbauer.at\/wp-content\/gallery\/ueber-uns\/Christa_0230.jpg\"\n\t\t\t\tdata-thumbnail=\"https:\/\/www.poidlbauer.at\/wp-content\/gallery\/ueber-uns\/thumbs\/thumbs_Christa_0230.jpg\"\n\t\t\t\tdata-image-id=\"296\"\n\t\t\t\tdata-title=\"Christa_0230\"\n\t\t\t\tdata-description=\"\"\n\t\t\t\tdata-image-slug=\"christa_0230\"\n\t\t\t\tclass=\"ngg-fancybox\" rel=\"432c354a6af32bbfea3b8ae37484c70a\">\n\t\t\t\t<img\n\t\t\t\t\ttitle=\"Christa_0230\"\n\t\t\t\t\talt=\"Christa_0230\"\n\t\t\t\t\tsrc=\"https:\/\/www.poidlbauer.at\/wp-content\/gallery\/ueber-uns\/thumbs\/thumbs_Christa_0230.jpg\"\n\t\t\t\t\twidth=\"240\"\n\t\t\t\t\theight=\"160\"\n\t\t\t\t\tstyle=\"max-width:100%;\"\n\t\t\t\t\/>\n\t\t\t<\/a>\n\t\t<\/div>\n\t\t\t\t\t\t\t<\/div>\n\t\t\t\n\t\t\t\t\t\t\t\n\t\t\t\t<div id=\"ngg-image-2\" class=\"ngg-gallery-thumbnail-box\"\n\t\t\t\t\t\t\t\t\t\t\t>\n\t\t\t\t\t\t<div class=\"ngg-gallery-thumbnail\">\n\t\t\t<a href=\"https:\/\/www.poidlbauer.at\/wp-content\/gallery\/ueber-uns\/20240718_085835.jpg-1.jpg\"\n\t\t\t\ttitle=\"\"\n\t\t\t\tdata-src=\"https:\/\/www.poidlbauer.at\/wp-content\/gallery\/ueber-uns\/20240718_085835.jpg-1.jpg\"\n\t\t\t\tdata-thumbnail=\"https:\/\/www.poidlbauer.at\/wp-content\/gallery\/ueber-uns\/thumbs\/thumbs_20240718_085835.jpg-1.jpg\"\n\t\t\t\tdata-image-id=\"313\"\n\t\t\t\tdata-title=\"20240718_085835.jpg-1\"\n\t\t\t\tdata-description=\"\"\n\t\t\t\tdata-image-slug=\"20240718_085835-jpg-1\"\n\t\t\t\tclass=\"ngg-fancybox\" rel=\"432c354a6af32bbfea3b8ae37484c70a\">\n\t\t\t\t<img\n\t\t\t\t\ttitle=\"20240718_085835.jpg-1\"\n\t\t\t\t\talt=\"20240718_085835.jpg-1\"\n\t\t\t\t\tsrc=\"https:\/\/www.poidlbauer.at\/wp-content\/gallery\/ueber-uns\/thumbs\/thumbs_20240718_085835.jpg-1.jpg\"\n\t\t\t\t\twidth=\"240\"\n\t\t\t\t\theight=\"160\"\n\t\t\t\t\tstyle=\"max-width:100%;\"\n\t\t\t\t\/>\n\t\t\t<\/a>\n\t\t<\/div>\n\t\t\t\t\t\t\t<\/div>\n\t\t\t\n\t\t\t\t\t\t\t\n\t\t\t\t<div id=\"ngg-image-3\" class=\"ngg-gallery-thumbnail-box\"\n\t\t\t\t\t\t\t\t\t\t\t>\n\t\t\t\t\t\t<div class=\"ngg-gallery-thumbnail\">\n\t\t\t<a href=\"https:\/\/www.poidlbauer.at\/wp-content\/gallery\/ueber-uns\/20240519_060841.jpg\"\n\t\t\t\ttitle=\"\"\n\t\t\t\tdata-src=\"https:\/\/www.poidlbauer.at\/wp-content\/gallery\/ueber-uns\/20240519_060841.jpg\"\n\t\t\t\tdata-thumbnail=\"https:\/\/www.poidlbauer.at\/wp-content\/gallery\/ueber-uns\/thumbs\/thumbs_20240519_060841.jpg\"\n\t\t\t\tdata-image-id=\"256\"\n\t\t\t\tdata-title=\"20240519_060841\"\n\t\t\t\tdata-description=\"\"\n\t\t\t\tdata-image-slug=\"20240519_060841-1\"\n\t\t\t\tclass=\"ngg-fancybox\" rel=\"432c354a6af32bbfea3b8ae37484c70a\">\n\t\t\t\t<img\n\t\t\t\t\ttitle=\"20240519_060841\"\n\t\t\t\t\talt=\"20240519_060841\"\n\t\t\t\t\tsrc=\"https:\/\/www.poidlbauer.at\/wp-content\/gallery\/ueber-uns\/thumbs\/thumbs_20240519_060841.jpg\"\n\t\t\t\t\twidth=\"240\"\n\t\t\t\t\theight=\"160\"\n\t\t\t\t\tstyle=\"max-width:100%;\"\n\t\t\t\t\/>\n\t\t\t<\/a>\n\t\t<\/div>\n\t\t\t\t\t\t\t<\/div>\n\t\t\t\n\t\t\t\t\t\t\t\t\t<br style=\"clear: both\" \/>\n\t\t\t\t\t\n\t\t\n\t\t<!-- Pagination -->\n\t\t<div class='ngg-clear'><\/div>\t<\/div>\n<\/p>\n","protected":false},"excerpt":{"rendered":"<p>Unser idyllisch gelegener Bergbauernhof ist mit dem \u201eAMA Bio G\u00fctesiegel\u201c ausgezeichnet. Er bietet den G\u00e4sten Ruhe und Erholung pur in den G\u00f6stlinger Bergen. Der Hof wird seit 01.Oktober 2009 von Andrea und Hubert Teufel als Familienbetrieb gef\u00fchrt. Wir haben ihn&#8230; <\/p>\n","protected":false},"author":1,"featured_media":0,"parent":0,"menu_order":0,"comment_status":"closed","ping_status":"closed","template":"","meta":{"ngg_post_thumbnail":0,"footnotes":""},"class_list":["post-22","page","type-page","status-publish","hentry"],"amp_enabled":true,"_links":{"self":[{"href":"https:\/\/www.poidlbauer.at\/index.php?rest_route=\/wp\/v2\/pages\/22","targetHints":{"allow":["GET"]}}],"collection":[{"href":"https:\/\/www.poidlbauer.at\/index.php?rest_route=\/wp\/v2\/pages"}],"about":[{"href":"https:\/\/www.poidlbauer.at\/index.php?rest_route=\/wp\/v2\/types\/page"}],"author":[{"embeddable":true,"href":"https:\/\/www.poidlbauer.at\/index.php?rest_route=\/wp\/v2\/users\/1"}],"replies":[{"embeddable":true,"href":"https:\/\/www.poidlbauer.at\/index.php?rest_route=%2Fwp%2Fv2%2Fcomments&post=22"}],"version-history":[{"count":43,"href":"https:\/\/www.poidlbauer.at\/index.php?rest_route=\/wp\/v2\/pages\/22\/revisions"}],"predecessor-version":[{"id":1731,"href":"https:\/\/www.poidlbauer.at\/index.php?rest_route=\/wp\/v2\/pages\/22\/revisions\/1731"}],"wp:attachment":[{"href":"https:\/\/www.poidlbauer.at\/index.php?rest_route=%2Fwp%2Fv2%2Fmedia&parent=22"}],"curies":[{"name":"wp","href":"https:\/\/api.w.org\/{rel}","templated":true}]}}